{"id":1441,"date":"2023-01-27T15:54:43","date_gmt":"2023-01-27T14:54:43","guid":{"rendered":"https:\/\/www.luxwood.es\/aviso-legal\/"},"modified":"2023-02-07T14:11:57","modified_gmt":"2023-02-07T13:11:57","slug":"aviso-legal","status":"publish","type":"page","link":"https:\/\/www.luxwood.es\/ca\/aviso-legal\/","title":{"rendered":"Aviso Legal"},"content":{"rendered":"\n<p><\/p>\n\n\n\n<p>En cumplimiento con el deber de informaci\u00f3n recogido en art\u00edculo 10 de la Ley 34\/2002, de \u00a011 de Julio, de Servicios de la Sociedad de la Informaci\u00f3n y del Comercio Electr\u00f3nico, le \u00a0informamos que el portal de Internet <a href=\"https:\/\/www.luxwood.es\/ca\/\">https:\/\/www.luxwood.es\/<\/a> (en adelante, el \u00a0&#8220;Sitio Web&#8221;) es titularidad de Luxwood Teak Doctor S.L., con domicilio social C\/ Primer de maig, 6, 08358 &#8211; Arenys de Munt (Barcelona) con CIF n\u00ba B67503037<strong>. <\/strong>El presente aviso legal regula las condiciones de uso del \u00a0citado portal de Internet.\u00a0<\/p>\n\n\n\n<p><strong>Ley aplicable y jurisdicci\u00f3n<\/strong><strong>&nbsp;<\/strong><\/p>\n\n\n\n<p>Con car\u00e1cter general las relaciones entre Luxwood Teak Doctor S.L. y los usuarios de sus servicios &nbsp;telem\u00e1ticos, presentes en el Sitio Web, se encuentran sometidas a la legislaci\u00f3n y &nbsp;jurisdicci\u00f3n espa\u00f1olas.&nbsp;<\/p>\n\n\n\n<p>El fuero aplicable ser\u00e1 el del domicilio del demandado, salvo que se trate de un&nbsp; procedimiento en ejercicio individual en defensa de los derechos de los consumidores, en&nbsp; cuyo caso la competencia ser\u00e1 a elecci\u00f3n del consumidor demandante, que podr\u00e1 optar&nbsp; entre el tribunal de su domicilio o el tribunal correspondiente conforme a los art\u00edculos 50 y&nbsp; 51 Ley de Enjuiciamiento Civil.&nbsp;<\/p>\n\n\n\n<p><strong>Aceptaci\u00f3n del usuario<\/strong><strong>&nbsp;<\/strong><\/p>\n\n\n\n<p>Este Aviso Legal regula el acceso y utilizaci\u00f3n del Sitio Web que Luxwood Teak Doctor S.L. pone a la disposici\u00f3n de los usuarios de Internet. Se considera usuario la persona que acceda, &nbsp;navegue, utilice o participe en los servicios y actividades del Sitio Web.&nbsp;<\/p>\n\n\n\n<p>El usuario queda informado, y acepta, que el acceso al presente Sitio Web no supone, en &nbsp;modo alguno, el inicio de una relaci\u00f3n comercial con Luxwood Teak Doctor S.L.<\/p>\n\n\n\n<p>El acceso y navegaci\u00f3n en el Sitio Web por parte del usuario supone la aceptaci\u00f3n de la &nbsp;totalidad de las presentes Condiciones de Uso. En caso de desacuerdo con las condiciones &nbsp;debe abstenerse a usar el Sitio Web.&nbsp;<\/p>\n\n\n\n<p><strong>Acceso al sitio web &#8211; <\/strong>https:\/\/www.luxwood.es\/<\/p>\n\n\n\n<p>El acceso al Sitio Web por parte de los usuarios es de car\u00e1cter libre y gratuito. Algunos &nbsp;servicios pueden encontrarse sujetos a contrataci\u00f3n previa del servicio.&nbsp;<\/p>\n\n\n\n<p>En caso de ser necesario que el usuario aporte datos personales para acceder a alguno de &nbsp;los servicios, la recogida y el tratamiento de los datos se realizar\u00e1 de conformidad con la &nbsp;normativa vigente, en concreto con el RGPD. Para m\u00e1s informaci\u00f3n, consulte nuestra &nbsp;pol\u00edtica de privacidad https:\/\/www.luxwood.es\/privacidad.&nbsp;<\/p>\n\n\n\n<p><strong>Contenido y uso<\/strong><strong>&nbsp;<\/strong><\/p>\n\n\n\n<p>La visita al Sitio Web por parte del usuario deber\u00e1 hacerse de forma responsable y de &nbsp;conformidad a la legalidad vigente, la buena fe, el presente Aviso Legal y respetando los &nbsp;derechos de propiedad intelectual e industrial de titularidad de Luxwood Teak Doctor S.L. o &nbsp;cualquier otras personas f\u00edsicas o jur\u00eddicas.<\/p>\n\n\n\n<p>El uso de cualquiera de los contenidos del Sitio Web con finalidades que sean o pudieran ser &nbsp;il\u00edcitas queda totalmente prohibido, as\u00ed como la realizaci\u00f3n de cualquier acci\u00f3n que cause o &nbsp;pueda causar da\u00f1os o alteraciones de cualquier tipo no consentidas por Luxwood Teak Doctor S.L., al Sitio Web o a sus contenidos.&nbsp;<\/p>\n\n\n\n<p>El titular del Sitio Web no se identifica con las opiniones vertidas en el mismo por sus &nbsp;colaboradores. Asimismo, el titular del Sitio Web se reserva el derecho de efectuar sin previo &nbsp;aviso las modificaciones que considere oportunas en su Sitio Web, pudiendo cambiar, &nbsp;suprimir o a\u00f1adir tanto los contenidos y servicios que se presten a trav\u00e9s de esta como la &nbsp;forma en la que \u00e9stos aparezcan presentados o localizados en sus servidores.&nbsp;<\/p>\n\n\n\n<p><strong>Propiedad intelectual e industrial<\/strong><strong>&nbsp;<\/strong><\/p>\n\n\n\n<p>Los derechos de propiedad intelectual del contenido del Sitio Web, su dise\u00f1o gr\u00e1fico y &nbsp;c\u00f3digos son titularidad de Luxwood Teak Doctor S.L. y, por tanto, queda prohibida su &nbsp;reproducci\u00f3n, distribuci\u00f3n, comunicaci\u00f3n p\u00fablica, transformaci\u00f3n o cualquier otra actividad &nbsp;que se realice con los contenidos del Sitio Web, ni siquiera, aunque se citen las fuentes, &nbsp;salvo que se cuente con el consentimiento previo, expreso y por escrito de Luxwood Teak Doctor S.L.. Todos los nombres comerciales, marcas o signos distintos de cualquier clase &nbsp;contenidos en las p\u00e1ginas web de la empresa son propiedad de sus due\u00f1os y est\u00e1n &nbsp;protegidos por ley.&nbsp;<\/p>\n\n\n\n<p>Luxwood Teak Doctor S.L. no concede ninguna licencia o autorizaci\u00f3n de uso de ninguna clase &nbsp;sobre sus derechos de propiedad intelectual e industrial o sobre cualquier otra propiedad o &nbsp;derecho relacionado con el Sitio Web, y en ning\u00fan caso se entender\u00e1 que el acceso y &nbsp;navegaci\u00f3n de los usuarios implica una renuncia, transmisi\u00f3n, licencia o cesi\u00f3n total ni &nbsp;parcial de dichos derechos por parte de Luxwood Teak Doctor S.L..&nbsp;<\/p>\n\n\n\n<p>Cualquier uso de esos contenidos no autorizado previamente por parte de Luxwood Teak Doctor S.L. ser\u00e1 considerado un incumplimiento grave de los derechos de propiedad &nbsp;intelectual o industrial y dar\u00e1 lugar a las responsabilidades legalmente establecidas. Luxwood Teak Doctor S.L. se reserva el derecho de ejercitar frente al usuario las acciones judiciales y &nbsp;extrajudiciales que correspondan.&nbsp;<\/p>\n\n\n\n<p><strong>Responsabilidad y garant\u00edas<\/strong><strong>&nbsp;<\/strong><\/p>\n\n\n\n<p>Luxwood Teak Doctor S.L. declara que ha adoptado las medidas necesarias que, dentro de sus &nbsp;posibilidades y el estado de la tecnolog\u00eda, permitan el correcto funcionamiento de su sitio &nbsp;web, as\u00ed como la ausencia de virus y componentes da\u00f1inos. Sin embargo, Luxwood Teak Doctor S.L. no puede hacerse responsable de las siguientes situaciones que se enumeran a t\u00edtulo &nbsp;enunciativo, pero no limitativo:&nbsp;<\/p>\n\n\n\n<p>\u2022 La continuidad y disponibilidad de los Contenidos.&nbsp;<\/p>\n\n\n\n<p>\u2022 La ausencia de errores en dichos contenidos ni la correcci\u00f3n de cualquier defecto que&nbsp; pudiera ocurrir.&nbsp;<\/p>\n\n\n\n<p>\u2022 La ausencia de virus y\/o dem\u00e1s componentes da\u00f1inos.&nbsp;<\/p>\n\n\n\n<p>\u2022 Los da\u00f1os o perjuicios que cause cualquier persona que vulnere los sistemas de&nbsp; seguridad de Luxwood Teak Doctor S.L.&nbsp;<\/p>\n\n\n\n<p>\u2022 El uso que los usuarios puedan hacer de los contenidos incluidos en el Sitio Web. En&nbsp; consecuencia, Luxwood Teak Doctor S.L. no garantiza que el uso que los usuarios puedan&nbsp;<\/p>\n\n\n\n<p>hacer de los contenidos que en su caso se incluyan en el Sitio Web, se ajusten al presente&nbsp; aviso legal, ni que el uso del Sitio Web se realice de forma diligente.&nbsp;<\/p>\n\n\n\n<p>\u2022 El uso por menores de edad del Sitio Web o del env\u00edo de sus datos personales sin el&nbsp; permiso de sus tutores, siendo los tutores responsables del uso que hagan de Internet.&nbsp;<\/p>\n\n\n\n<p>\u2022 Los contenidos a los que el usuario pueda acceder a trav\u00e9s de enlaces no autorizados o&nbsp; introducidos por usuarios mediante comentarios o herramientas similares.&nbsp;<\/p>\n\n\n\n<p>\u2022 La introducci\u00f3n de datos err\u00f3neos por parte del usuario o de un tercero.&nbsp;<\/p>\n\n\n\n<p>Luxwood Teak Doctor S.L. podr\u00e1 suspender temporalmente y sin previo aviso, la accesibilidad al &nbsp;Sitio Web con motivo de operaciones de mantenimiento, reparaci\u00f3n, actualizaci\u00f3n o &nbsp;mejora. No obstante, siempre que las circunstancias lo permitan, Tekal Instal.ladors &nbsp;SL comunicar\u00e1 al usuario, con antelaci\u00f3n suficiente, la fecha prevista para la suspensi\u00f3n de &nbsp;los contenidos.&nbsp;<\/p>\n\n\n\n<p>Asimismo, de conformidad con los arts. 11 y 16 de la Ley 34\/2002, de 11 de julio, de servicios &nbsp;de la sociedad de la informaci\u00f3n y de comercio electr\u00f3nico (LSSICE), Luxwood Teak Doctor S.L. se &nbsp;compromete a la eliminaci\u00f3n o, en su caso, bloqueo de los contenidos que pudieran afectar &nbsp;o ser contrarios a la legislaci\u00f3n vigente, los derechos de terceros o la moral y orden p\u00fablico.&nbsp;<\/p>\n\n\n\n<p><strong>Cookies<\/strong><strong>&nbsp;<\/strong><\/p>\n\n\n\n<p>Luxwood Teak Doctor S.L. Utiliza cookies, a los efectos de optimizar y personalizar su navegaci\u00f3n &nbsp;por el Sitio Web. Las cookies son ficheros f\u00edsicos de informaci\u00f3n que se alojan en el propio &nbsp;terminal del usuario, la informaci\u00f3n recogida mediante las cookies sirve para facilitar la &nbsp;navegaci\u00f3n del usuario por el portal y optimizar la experiencia de navegaci\u00f3n. Los datos &nbsp;recopilados mediante las cookies pueden ser compartidos con los creadores de estas, pero &nbsp;en ning\u00fan caso la informaci\u00f3n obtenida por las mismas ser\u00e1 asociada a datos personales ni &nbsp;a datos que puedan identificar al usuario.&nbsp;<\/p>\n\n\n\n<p>Sin embargo, si el usuario no desea que se instalen cookies en su dispositivo, tiene la &nbsp;posibilidad de configurar el navegador de tal modo que impida la instalaci\u00f3n de estos &nbsp;archivos. Para obtener m\u00e1s informaci\u00f3n consulte nuestra Pol\u00edtica de Cookies &nbsp;https:\/\/www.luxwood.es\/cookies.&nbsp;<\/p>\n\n\n\n<p><strong>Enlaces a otros sitios web (links)<\/strong><strong>&nbsp;<\/strong><\/p>\n\n\n\n<p>La presencia de enlaces (links) en el Sitio Web https:\/\/www.luxwood.es\/ hacia otros &nbsp;sitios de Internet tiene una finalidad meramente informativa y en ning\u00fan caso supone una sugerencia, invitaci\u00f3n o recomendaci\u00f3n sobre los mismos. Luxwood Teak Doctor S.L. no asumir\u00e1 &nbsp;responsabilidad por los contenidos de un enlace perteneciente a un sitio web ajeno, ni &nbsp;garantizar\u00e1 la fiabilidad, exactitud, amplitud, veracidad, validez y disponibilidad t\u00e9cnica.&nbsp;<\/p>\n\n\n\n<p>En el caso de que en otros sitios web se establezcan enlaces al sitio web de Luxwood Teak Doctor S.L., no se entender\u00e1 que Luxwood Teak Doctor S.L. ha autorizado el enlace o el &nbsp;contenido del sitio web en el que se contiene el enlace, tampoco podr\u00e1 incluirse en la p\u00e1gina &nbsp;del enlace contenidos inapropiados, difamatorios, ilegales, obscenos o il\u00edcitos, ni otros &nbsp;contenidos que sean contrarios a la legalidad vigente.<\/p>\n\n\n\n<p>Luxwood Teak Doctor S.L. se reserva la posibilidad de contactar con el propietario del sitio web &nbsp;en el que se establezca el enlace si considera que se incumple la normativa, as\u00ed como de &nbsp;ejercitar las correspondientes acciones judiciales y extrajudiciales.&nbsp;<\/p>\n\n\n\n<p><strong>Modificaci\u00f3n de las condiciones<\/strong><strong>&nbsp;<\/strong><\/p>\n\n\n\n<p>Luxwood Teak Doctor S.L. se reserva expresamente el&nbsp; derecho a modificar unilateralmente, total o parcialmente, sin necesidad de previo aviso, el&nbsp; presente Aviso Legal. El usuario reconoce y acepta que es su responsabilidad revisar peri\u00f3dicamente el presente Aviso Legal.<\/p>\n\n\n\n<p><\/p>\n","protected":false},"excerpt":{"rendered":"<p>En cumplimiento con el deber de informaci\u00f3n recogido en art\u00edculo 10 de la Ley 34\/2002, de \u00a011 de Julio, de Servicios de la Sociedad de la Informaci\u00f3n y del Comercio Electr\u00f3nico, le \u00a0informamos que el portal de Internet https:\/\/www.luxwood.es\/ (en adelante, el \u00a0&#8220;Sitio Web&#8221;) es titularidad de Luxwood Teak Doctor S.L., con domicilio social C\/ [&hellip;]<\/p>\n","protected":false},"author":2,"featured_media":0,"parent":0,"menu_order":0,"comment_status":"closed","ping_status":"closed","template":"","meta":{"footnotes":""},"class_list":["post-1441","page","type-page","status-publish","hentry"],"blocksy_meta":{"styles_descriptor":{"styles":{"desktop":"[data-prefix=\"single_page\"] .entry-header .page-title {--theme-font-size:30px;} [data-prefix=\"single_page\"] .entry-header .entry-meta {--theme-font-weight:600;--theme-text-transform:uppercase;--theme-font-size:12px;--theme-line-height:1.3;} [data-prefix=\"single_page\"] .hero-section[data-type=\"type-2\"] {background-color:var(--theme-palette-color-6);background-image:none;--container-padding:50px 0;}","tablet":"","mobile":""},"google_fonts":{"Roboto":["n3","n6"]},"version":6},"page_title_panel":"","has_hero_section":"enabled","371142636177bfe1e9fb938fe8045fc0":"","hero_section":"type-2","hero_elements":[{"id":"custom_title","enabled":true,"heading_tag":"h1","title":"Inicio"},{"id":"custom_description","enabled":true,"description_visibility":{"desktop":true,"tablet":true,"mobile":false}},{"id":"custom_meta","enabled":false,"meta_elements":[{"id":"author","enabled":true,"label":"Por","has_author_avatar":"yes","avatar_size":25},{"id":"post_date","enabled":true,"label":"El","date_format_source":"default","date_format":"M j, Y"},{"id":"updated_date","enabled":false,"label":"El","date_format_source":"default","date_format":"M j, Y"},{"id":"categories","enabled":false,"label":"Dentro","style":"simple"},{"id":"comments","enabled":true}],"page_meta_elements":{"joined":true,"articles_count":true,"comments":true}},{"id":"breadcrumbs","enabled":false}],"cf59efc668a8b68d2efd7d3d3d511350":"","hero_alignment1":"CT_CSS_SKIP_RULE","hero_margin":40,"hero_alignment2":"center","hero_vertical_alignment":"center","ab0bc0b9c9cd7fc4f626299b8ffb28d0":"","hero_structure":"narrow","e473e961c450bd589f6065fbc0f7eb50":"","page_title_bg_type":"featured_image","custom_hero_background":{"attachment_id":null},"page_title_image_size":"full","parallax":{"desktop":false,"tablet":false,"mobile":false},"a6b4d758b28a13d65b4e0db4177ec32d":"","hero_height":"250px","pageTitleFont":{"family":"Default","variation":"Default","size":"30px","line-height":"CT_CSS_SKIP_RULE","letter-spacing":"CT_CSS_SKIP_RULE","text-transform":"CT_CSS_SKIP_RULE","text-decoration":"CT_CSS_SKIP_RULE"},"pageTitleFontColor":{"default":{"color":"CT_CSS_SKIP_RULEDEFAULT"}},"pageMetaFont":{"family":"Default","variation":"n6","size":"12px","line-height":"1.3","letter-spacing":"CT_CSS_SKIP_RULE","text-transform":"uppercase","text-decoration":"CT_CSS_SKIP_RULE"},"pageMetaFontColor":{"default":{"color":"CT_CSS_SKIP_RULEDEFAULT"},"hover":{"color":"CT_CSS_SKIP_RULEDEFAULT"}},"page_meta_button_type_font_colors":{"default":{"color":"CT_CSS_SKIP_RULEDEFAULT"},"hover":{"color":"CT_CSS_SKIP_RULEDEFAULT"}},"page_meta_button_type_background_colors":{"default":{"color":"CT_CSS_SKIP_RULEDEFAULT"},"hover":{"color":"CT_CSS_SKIP_RULEDEFAULT"}},"pageExcerptFont":{"family":"Default","variation":"Default","size":"CT_CSS_SKIP_RULE","line-height":"CT_CSS_SKIP_RULE","letter-spacing":"CT_CSS_SKIP_RULE","text-transform":"CT_CSS_SKIP_RULE","text-decoration":"CT_CSS_SKIP_RULE"},"pageExcerptColor":{"default":{"color":"CT_CSS_SKIP_RULEDEFAULT"}},"breadcrumbsFont":{"family":"Default","variation":"Default","size":"CT_CSS_SKIP_RULE","line-height":"CT_CSS_SKIP_RULE","letter-spacing":"CT_CSS_SKIP_RULE","text-transform":"CT_CSS_SKIP_RULE","text-decoration":"CT_CSS_SKIP_RULE"},"breadcrumbsFontColor":{"default":{"color":"CT_CSS_SKIP_RULEDEFAULT"},"initial":{"color":"CT_CSS_SKIP_RULEDEFAULT"},"hover":{"color":"CT_CSS_SKIP_RULEDEFAULT"}},"pageTitleOverlay":{"background_type":"color","background_pattern":"type-1","background_image":{"attachment_id":null,"x":0,"y":0},"gradient":"linear-gradient(135deg,rgba(6,147,227,1) 0%,rgb(155,81,224) 100%)","background_repeat":"repeat","background_size":"auto","background_attachment":"scroll","patternColor":{"default":{"color":"#e5e7ea"}},"overlayColor":{"default":{"color":"CT_CSS_SKIP_RULE"}},"backgroundColor":{"default":{"color":"CT_CSS_SKIP_RULE"}}},"pageTitleBackground":{"background_type":"color","background_pattern":"type-1","background_image":{"attachment_id":null,"x":0,"y":0},"gradient":"linear-gradient(135deg,rgba(6,147,227,1) 0%,rgb(155,81,224) 100%)","background_repeat":"repeat","background_size":"auto","background_attachment":"scroll","patternColor":{"default":{"color":"#e5e7ea"}},"overlayColor":{"default":{"color":"CT_CSS_SKIP_RULE"}},"backgroundColor":{"default":{"color":"var(--theme-palette-color-6)"}}},"pageTitlePadding":{"top":"50px","bottom":"50px","left":"auto","right":"auto","linked":true},"f860e569934019e38388d37b72bcd512":"","page_structure_type":"type-3","5818644f026a209a9dd272323bb27314":"","content_style_source":"inherit","content_style":"wide","vertical_spacing_source":"inherit","content_area_spacing":"both","background":{"background_type":"color","background_pattern":"type-1","background_image":{"attachment_id":null,"x":0,"y":0},"gradient":"linear-gradient(135deg,rgba(6,147,227,1) 0%,rgb(155,81,224) 100%)","background_repeat":"repeat","background_size":"auto","background_attachment":"scroll","patternColor":{"default":{"color":"#e5e7ea"}},"overlayColor":{"default":{"color":"CT_CSS_SKIP_RULE"}},"backgroundColor":{"default":{"color":"CT_CSS_SKIP_RULE"}}},"content_background":{"background_type":"color","background_pattern":"type-1","background_image":{"attachment_id":null,"x":0,"y":0},"gradient":"linear-gradient(135deg,rgba(6,147,227,1) 0%,rgb(155,81,224) 100%)","background_repeat":"repeat","background_size":"auto","background_attachment":"scroll","patternColor":{"default":{"color":"#e5e7ea"}},"overlayColor":{"default":{"color":"CT_CSS_SKIP_RULE"}},"backgroundColor":{"default":{"color":"var(--theme-palette-color-8)"}}},"content_boxed_shadow":{"inherit":false,"blur":18,"spread":-6,"v_offset":12,"h_offset":0,"inset":false,"enable":true,"color":{"color":"rgba(34, 56, 101, 0.04)"}},"content_boxed_border":{"width":1,"style":"none","color":{"color":"rgba(44,62,80,0.2)"}},"content_boxed_radius":{"top":"3px","bottom":"3px","left":"3px","right":"3px","linked":true},"boxed_content_spacing":{"desktop":{"top":"40px","bottom":"40px","left":"40px","right":"40px","linked":true},"tablet":{"top":"35px","bottom":"35px","left":"35px","right":"35px","linked":true},"mobile":{"top":"20px","bottom":"20px","left":"20px","right":"20px","linked":true}},"610a7a3cdd126fb670f57325224b76f9":"","disable_featured_image":"no","disable_share_box":"no","disable_header":"no","disable_footer":"no"},"_links":{"self":[{"href":"https:\/\/www.luxwood.es\/ca\/wp-json\/wp\/v2\/pages\/1441","targetHints":{"allow":["GET"]}}],"collection":[{"href":"https:\/\/www.luxwood.es\/ca\/wp-json\/wp\/v2\/pages"}],"about":[{"href":"https:\/\/www.luxwood.es\/ca\/wp-json\/wp\/v2\/types\/page"}],"author":[{"embeddable":true,"href":"https:\/\/www.luxwood.es\/ca\/wp-json\/wp\/v2\/users\/2"}],"replies":[{"embeddable":true,"href":"https:\/\/www.luxwood.es\/ca\/wp-json\/wp\/v2\/comments?post=1441"}],"version-history":[{"count":2,"href":"https:\/\/www.luxwood.es\/ca\/wp-json\/wp\/v2\/pages\/1441\/revisions"}],"predecessor-version":[{"id":1488,"href":"https:\/\/www.luxwood.es\/ca\/wp-json\/wp\/v2\/pages\/1441\/revisions\/1488"}],"wp:attachment":[{"href":"https:\/\/www.luxwood.es\/ca\/wp-json\/wp\/v2\/media?parent=1441"}],"curies":[{"name":"wp","href":"https:\/\/api.w.org\/{rel}","templated":true}]}}