{"id":1447,"date":"2023-01-27T15:55:21","date_gmt":"2023-01-27T14:55:21","guid":{"rendered":"https:\/\/www.luxwood.es\/politica-de-cookies\/"},"modified":"2023-02-07T09:36:11","modified_gmt":"2023-02-07T08:36:11","slug":"politica-de-cookies","status":"publish","type":"page","link":"https:\/\/www.luxwood.es\/ca\/politica-de-cookies\/","title":{"rendered":"Pol\u00edtica de Cookies"},"content":{"rendered":"\n<p><\/p>\n\n<p>En cumplimiento con el deber de informaci\u00f3n recogido en el apartado 2\u00ba del art\u00edculo 22 de la Ley\u00a0 34\/2002, de 11 de Julio, de Servicios de la Sociedad de la Informaci\u00f3n y del Comercio Electr\u00f3nico, la\u00a0 presente pol\u00edtica de cookies tiene por finalidad informarte de manera clara y precisa sobre las cookies\u00a0 que se utilizan en el sitio web de Luxwood Teak Doctor S.L..<\/p>\n\n<p><strong>\u00cdndice<\/strong><strong>\u00a0<\/strong><\/p>\n\n<p>1. \u00bfQu\u00e9 son las cookies?\u00a0<\/p>\n\n<p>2. Tipos de cookies\u00a0<\/p>\n\n<p>3. Autorizaci\u00f3n para el uso de cookies\u00a0<\/p>\n\n<p>4. C\u00f3mo modificar la configuraci\u00f3n de las cookies.\u00a0<\/p>\n\n<p>5. Cookies utilizadas en este sitio web\u00a0<\/p>\n\n<p>6. Modificaci\u00f3n de las condiciones.\u00a0<\/p>\n\n<p><strong>1. <\/strong><strong>\u00bfQu\u00e9 son las cookies?<\/strong><strong>\u00a0<\/strong><\/p>\n\n<p>Una cookie es un fichero de peque\u00f1o tama\u00f1o que los sitios web env\u00edan al navegador y se descargan\u00a0 en tu ordenador. Las cookies permiten que la p\u00e1gina web almacene y recupere cierta informaci\u00f3n\u00a0 sobre tu visita, como tu idioma preferido y otras opciones, con el fin de mejorar los servicios que se\u00a0 ofrecen y contribuir a tener una mejor experiencia de navegaci\u00f3n para el usuario.\u00a0<\/p>\n\n<p><strong>2. <\/strong><strong>Tipos de cookies<\/strong><strong>\u00a0<\/strong><\/p>\n\n<p>En funci\u00f3n de qui\u00e9n gestione el dominio desde donde se env\u00edan las cookies y se traten los datos, se\u00a0 distinguir\u00e1 entre cookies propias y cookies de terceros.\u00a0<\/p>\n\n<p>Las cookies tambi\u00e9n pueden clasificarse seg\u00fan el plazo de tiempo que permanezcan almacenadas en\u00a0 el navegador del usuario, distingui\u00e9ndose entre cookies de sesi\u00f3n o cookies persistentes.\u00a0<\/p>\n\n<p>Finalmente, en funci\u00f3n de la finalidad para la que se trate la informaci\u00f3n recopilada, las cookies se\u00a0 pueden clasificar en las siguientes categor\u00edas:\u00a0<\/p>\n\n<p>\u2022 <strong>Cookies t\u00e9cnicas: <\/strong>permiten al usuario navegar por un sitio web y utilizar algunos de los\u00a0 servicios ofrecidos por el mismo (como, por ejemplo, las que sirven para recordar los\u00a0 elementos integrantes de un carrito de compra).\u00a0<\/p>\n\n<p>\u2022 <strong>Cookies de personalizaci\u00f3n: <\/strong>permiten que el usuario acceda al sitio web con unas\u00a0 caracter\u00edsticas determinadas, como puede ser el idioma.\u00a0<\/p>\n\n<p>\u2022 <strong>Cookies de seguridad: <\/strong>sirven para impedir o dificultar los ataques contra el sitio web.<\/p>\n\n<p>\u2022 <strong>Cookies de complemento para intercambiar contenidos sociales: <\/strong>los llamados plug-in, que\u00a0 permiten compartir contenidos en redes sociales.\u00a0<\/p>\n\n<p>\u2022 <strong>Cookies de an\u00e1lisis: <\/strong>permiten al responsable el seguimiento del comportamiento del usuario.\u00a0<\/p>\n\n<p>\u2022 <strong>Cookies publicitarias: <\/strong>permiten gestionar los espacios de publicidad del sitio web.\u00a0<\/p>\n\n<p>\u2022 <strong>Cookies de publicidad comportamental: <\/strong>como las anteriores, sirven para gestionar los\u00a0 espacios de publicidad del sitio web en funci\u00f3n de la informaci\u00f3n recogida sobre el\u00a0 comportamiento del usuario y sus h\u00e1bitos, adaptando la publicidad al perfil del usuario.\u00a0\u00a0<\/p>\n\n<p>\u2022 <strong>Cookies de geolocalizaci\u00f3n: <\/strong>utilizadas para averiguar el pa\u00eds d\u00f3nde se encuentra el usuario.\u00a0<\/p>\n\n<p><strong>3. <\/strong><strong>Autorizaci\u00f3n para el uso de cookies<\/strong><strong>\u00a0<\/strong><\/p>\n\n<p>De conformidad con el aviso de cookies que aparece en el sitio web, puedes consentir expresamente\u00a0 el uso de cookies que requieran consentimiento; sin embargo, el uso de cookies t\u00e9cnicas o necesarias\u00a0 no requiere de consentimiento. Sin perjuicio de todo ello, puedes modificar la configuraci\u00f3n de tu\u00a0 navegador para bloquear el uso de cookies.\u00a0<\/p>\n\n<p><strong>4. <\/strong><strong>C\u00f3mo modificar la configuraci\u00f3n de las cookies<\/strong><strong>\u00a0<\/strong><\/p>\n\n<p>Puedes restringir, bloquear o borrar las cookies de Luxwood Teak Doctor S.L. o cualquier otra p\u00e1gina web\u00a0 utilizando tu navegador. En cada navegador la operativa es diferente, puedes encontrar c\u00f3mo hacerlo\u00a0 en el men\u00fa de ayuda de tu navegador d\u00f3nde se establece el procedimiento para su eliminaci\u00f3n. Para\u00a0 m\u00e1s informaci\u00f3n:\u00a0<\/p>\n\n<p>\u2022 Google Chrome: https:\/\/support.google.com\/chrome\/answer\/95647?co=GENIE.Platform%3DDesktop&amp;hl=es\u00a0<\/p>\n\n<p>\u2022 Mozilla Firefox: https:\/\/support.mozilla.org\/es\/kb\/Borrar%20cookies\u00a0<\/p>\n\n<p>\u2022 Safari: https:\/\/support.apple.com\/es- es\/guide\/safari\/sfri11471\/mac\u00a0<\/p>\n\n<p>\u2022 Internet Explorer: https:\/\/support.microsoft.com\/es- es\/help\/278835\/how- to- delete- cookie- files- in internet- explorer\u00a0<\/p>\n\n<p>Es posible que al deshabilitar las cookies la p\u00e1gina web no funcione correctamente o no puedas acceder a determinadas funciones de esta.\u00a0<\/p>\n\n<p><strong>5. <\/strong><strong>Cookies utilizadas en este sitio web<\/strong><strong>\u00a0<\/strong><\/p>\n\n<p>En este sitio web se utilizan diferentes tipos de cookies con distintas finalidades, a continuaci\u00f3n, se\u00a0 enumeran las cookies empleadas:\u00a0<\/p>\n\n<p>\u2022 <strong>Rendimiento y an\u00e1lisis web<\/strong><strong>\u00a0<\/strong><\/p>\n\n<p>Servicios tratados por nosotros o por terceros, nos permiten cuantificar el n\u00famero de usuarios y as\u00ed \u00a0realizar la medici\u00f3n y an\u00e1lisis estad\u00edstico de la utilizaci\u00f3n que hacen los usuarios del servicio ofertado. \u00a0Para ello se analiza su navegaci\u00f3n en nuestra p\u00e1gina web con el fin de mejorar la oferta de productos \u00a0o servicios que le ofrecemos.\u00a0<\/p>\n\n<p>Listado completo de las cookies de este tipo:\u00a0<\/p>\n\n<figure class=\"wp-block-table\"><table><tbody><tr><td>Nombre\u00a0<\/td><td>Proveedor\u00a0<\/td><td>Prop\u00f3sito\u00a0<\/td><td>Caducidad<\/td><\/tr><tr><td>_ga\u00a0<\/td><td>Google\u00a0<\/td><td>Registra una identificaci\u00f3n \u00fanica que\u00a0 se utiliza para generar datos\u00a0 estad\u00edsticos acerca de c\u00f3mo utiliza el\u00a0 visitante el sitio web.<\/td><td>2 a\u00f1os<\/td><\/tr><tr><td>__gads\u00a0<\/td><td>Google\u00a0<\/td><td>Registra una identificaci\u00f3n \u00fanica que\u00a0 se utiliza para generar datos\u00a0 estad\u00edsticos acerca de c\u00f3mo utiliza el\u00a0 visitante el sitio web.<\/td><td>2 a\u00f1os<\/td><\/tr><tr><td>_gid\u00a0<\/td><td>Google\u00a0<\/td><td>Registra una identificaci\u00f3n \u00fanica que\u00a0 se utiliza para generar datos\u00a0 estad\u00edsticos acerca de c\u00f3mo utiliza el\u00a0 visitante el sitio web.<\/td><td>1 d\u00eda<\/td><\/tr><tr><td>_gat\u00a0<\/td><td>Google\u00a0<\/td><td>Se utiliza para controlar la tasa de\u00a0 peticiones<\/td><td>1 d\u00eda<\/td><\/tr><tr><td>customer_origin\u00a0<\/td><td>&#8211;\u00a0<\/td><td>Utilizada para poder determinar el\u00a0 origen del usuario para estad\u00edsticas\u00a0 internas<\/td><td>Sesi\u00f3n<\/td><\/tr><tr><td>customer_origin_date\u00a0<\/td><td>&#8211;\u00a0<\/td><td>Punto complementario al anterior\u00a0<\/td><td>Sesi\u00f3n<\/td><\/tr><tr><td>customer_origin_promotion\u00a0<\/td><td>&#8211;\u00a0<\/td><td>Punto complementario al anterior\u00a0<\/td><td>Sesi\u00f3n<\/td><\/tr><\/tbody><\/table><\/figure>\n\n<p>\u2022 <strong>Necesarias y esenciales<\/strong><strong>\u00a0<\/strong><\/p>\n\n<p>Los datos recopilados en estas cookies y similares son necesarios para poder navegar por el sitio web \u00a0y proporcionar las funciones b\u00e1sicas como realizar el proceso de compra, el acceso a \u00e1reas privadas y \u00a0seguras del sitio, etc. Estas cookies siempre estar\u00e1n activadas.\u00a0<\/p>\n\n<p><strong>6. <\/strong><strong>Modificaci\u00f3n de esta pol\u00edtica<\/strong><strong>\u00a0<\/strong><\/p>\n\n<p>Luxwood Teak Doctor S.L. se reserva expresamente el derecho a modificar unilateralmente, total o\u00a0 parcialmente, sin necesidad de previo aviso, la presente Pol\u00edtica de Cookies. El usuario reconoce y\u00a0 acepta que es su responsabilidad revisar, con regularidad, la presente Pol\u00edtica de Cookies.<\/p>\n\n<p><\/p>\n","protected":false},"excerpt":{"rendered":"<p>En cumplimiento con el deber de informaci\u00f3n recogido en el apartado 2\u00ba del art\u00edculo 22 de la Ley\u00a0 34\/2002, de 11 de Julio, de Servicios de la Sociedad de la Informaci\u00f3n y del Comercio Electr\u00f3nico, la\u00a0 presente pol\u00edtica de cookies tiene por finalidad informarte de manera clara y precisa sobre las cookies\u00a0 que se utilizan [&hellip;]<\/p>\n","protected":false},"author":2,"featured_media":0,"parent":0,"menu_order":0,"comment_status":"closed","ping_status":"closed","template":"","meta":{"footnotes":""},"class_list":["post-1447","page","type-page","status-publish","hentry"],"blocksy_meta":{"page_title_panel":"","has_hero_section":"enabled","d518f89d66d866be1e86884ae7bf0be9":"","hero_section":"type-2","hero_elements":[{"id":"custom_title","enabled":true,"heading_tag":"h1","title":"Inicio"},{"id":"custom_description","enabled":true,"description_visibility":{"desktop":true,"tablet":true,"mobile":false}},{"id":"custom_meta","enabled":false,"meta_elements":[{"id":"author","enabled":true,"label":"Por","has_author_avatar":"yes","avatar_size":25},{"id":"post_date","enabled":true,"label":"El","date_format_source":"default","date_format":"M j, Y"},{"id":"updated_date","enabled":false,"label":"El","date_format_source":"default","date_format":"M j, Y"},{"id":"categories","enabled":false,"label":"Dentro","style":"simple"},{"id":"comments","enabled":true}],"page_meta_elements":{"joined":true,"articles_count":true,"comments":true}},{"id":"breadcrumbs","enabled":false}],"fe56cdc09d4e2b664b03bb27b11a51cc":"","hero_alignment1":"CT_CSS_SKIP_RULE","hero_margin":40,"hero_alignment2":"center","hero_vertical_alignment":"center","fc8142ddc975d92c2199e0f7ad545d48":"","hero_structure":"narrow","610c79642d3018053a455167d952b228":"","page_title_bg_type":"featured_image","custom_hero_background":{"attachment_id":null},"page_title_image_size":"full","parallax":{"desktop":false,"tablet":false,"mobile":false},"db93fa680de3ac2b685c291b5e38a9f9":"","hero_height":"250px","pageTitleFont":{"family":"Default","variation":"Default","size":"30px","line-height":"CT_CSS_SKIP_RULE","letter-spacing":"CT_CSS_SKIP_RULE","text-transform":"CT_CSS_SKIP_RULE","text-decoration":"CT_CSS_SKIP_RULE"},"pageTitleFontColor":{"default":{"color":"CT_CSS_SKIP_RULEDEFAULT"}},"pageMetaFont":{"family":"Default","variation":"n6","size":"12px","line-height":"1.3","letter-spacing":"CT_CSS_SKIP_RULE","text-transform":"uppercase","text-decoration":"CT_CSS_SKIP_RULE"},"pageMetaFontColor":{"default":{"color":"CT_CSS_SKIP_RULEDEFAULT"},"hover":{"color":"CT_CSS_SKIP_RULEDEFAULT"}},"page_meta_button_type_font_colors":{"default":{"color":"CT_CSS_SKIP_RULEDEFAULT"},"hover":{"color":"CT_CSS_SKIP_RULEDEFAULT"}},"page_meta_button_type_background_colors":{"default":{"color":"CT_CSS_SKIP_RULEDEFAULT"},"hover":{"color":"CT_CSS_SKIP_RULEDEFAULT"}},"pageExcerptFont":{"family":"Default","variation":"Default","size":"CT_CSS_SKIP_RULE","line-height":"CT_CSS_SKIP_RULE","letter-spacing":"CT_CSS_SKIP_RULE","text-transform":"CT_CSS_SKIP_RULE","text-decoration":"CT_CSS_SKIP_RULE"},"pageExcerptColor":{"default":{"color":"CT_CSS_SKIP_RULEDEFAULT"}},"breadcrumbsFont":{"family":"Default","variation":"Default","size":"CT_CSS_SKIP_RULE","line-height":"CT_CSS_SKIP_RULE","letter-spacing":"CT_CSS_SKIP_RULE","text-transform":"CT_CSS_SKIP_RULE","text-decoration":"CT_CSS_SKIP_RULE"},"breadcrumbsFontColor":{"default":{"color":"CT_CSS_SKIP_RULEDEFAULT"},"initial":{"color":"CT_CSS_SKIP_RULEDEFAULT"},"hover":{"color":"CT_CSS_SKIP_RULEDEFAULT"}},"pageTitleOverlay":{"background_type":"color","background_pattern":"type-1","background_image":{"attachment_id":null,"x":0,"y":0},"gradient":"linear-gradient(135deg,rgba(6,147,227,1) 0%,rgb(155,81,224) 100%)","background_repeat":"repeat","background_size":"auto","background_attachment":"scroll","patternColor":{"default":{"color":"#e5e7ea"}},"overlayColor":{"default":{"color":"CT_CSS_SKIP_RULE"}},"backgroundColor":{"default":{"color":"CT_CSS_SKIP_RULE"}}},"pageTitleBackground":{"background_type":"color","background_pattern":"type-1","background_image":{"attachment_id":null,"x":0,"y":0},"gradient":"linear-gradient(135deg,rgba(6,147,227,1) 0%,rgb(155,81,224) 100%)","background_repeat":"repeat","background_size":"auto","background_attachment":"scroll","patternColor":{"default":{"color":"#e5e7ea"}},"overlayColor":{"default":{"color":"CT_CSS_SKIP_RULE"}},"backgroundColor":{"default":{"color":"var(--theme-palette-color-6)"}}},"pageTitlePadding":{"top":"50px","bottom":"50px","left":"auto","right":"auto","linked":true},"cbc3daea3054eb14767e0c2a14eb47a1":"","page_structure_type":"type-3","bda9a8e39e65ca175780e1cd8d93ceab":"","content_style_source":"inherit","content_style":"wide","vertical_spacing_source":"inherit","content_area_spacing":"both","background":{"background_type":"color","background_pattern":"type-1","background_image":{"attachment_id":null,"x":0,"y":0},"gradient":"linear-gradient(135deg,rgba(6,147,227,1) 0%,rgb(155,81,224) 100%)","background_repeat":"repeat","background_size":"auto","background_attachment":"scroll","patternColor":{"default":{"color":"#e5e7ea"}},"overlayColor":{"default":{"color":"CT_CSS_SKIP_RULE"}},"backgroundColor":{"default":{"color":"CT_CSS_SKIP_RULE"}}},"content_background":{"background_type":"color","background_pattern":"type-1","background_image":{"attachment_id":null,"x":0,"y":0},"gradient":"linear-gradient(135deg,rgba(6,147,227,1) 0%,rgb(155,81,224) 100%)","background_repeat":"repeat","background_size":"auto","background_attachment":"scroll","patternColor":{"default":{"color":"#e5e7ea"}},"overlayColor":{"default":{"color":"CT_CSS_SKIP_RULE"}},"backgroundColor":{"default":{"color":"var(--theme-palette-color-8)"}}},"content_boxed_shadow":{"inherit":false,"blur":18,"spread":-6,"v_offset":12,"h_offset":0,"inset":false,"enable":true,"color":{"color":"rgba(34, 56, 101, 0.04)"}},"content_boxed_border":{"width":1,"style":"none","color":{"color":"rgba(44,62,80,0.2)"}},"content_boxed_radius":{"top":"3px","bottom":"3px","left":"3px","right":"3px","linked":true},"boxed_content_spacing":{"desktop":{"top":"40px","bottom":"40px","left":"40px","right":"40px","linked":true},"tablet":{"top":"35px","bottom":"35px","left":"35px","right":"35px","linked":true},"mobile":{"top":"20px","bottom":"20px","left":"20px","right":"20px","linked":true}},"394b7607583d9f9a59743c7d3032a8f7":"","disable_featured_image":"no","disable_share_box":"no","disable_header":"no","disable_footer":"no","styles_descriptor":{"styles":{"desktop":"[data-prefix=\"single_page\"] .entry-header .page-title {--theme-font-size:30px;} [data-prefix=\"single_page\"] .entry-header .entry-meta {--theme-font-weight:600;--theme-text-transform:uppercase;--theme-font-size:12px;--theme-line-height:1.3;} [data-prefix=\"single_page\"] .hero-section[data-type=\"type-2\"] {background-color:var(--theme-palette-color-6);background-image:none;--container-padding:50px 0;}","tablet":"","mobile":""},"google_fonts":{"Roboto":["n3","n6"]},"version":6},"9cca2182e81a011050b69da810ef09fd":"","5e5d3555994f20d8d3adcead8e97888c":"","eea15568ef7de8dd10b185d76f080ada":"","c77f56cf93b653088914b6c22a6f1811":"","d944eb9370791942db743015cb5c3b5b":"","f5ab76a443030bc9b5bbda2ea104346d":"","b604f372b6781d003bdb46dc7993231d":"","96444dc5c9413d97d1d5ac80993ecc18":""},"_links":{"self":[{"href":"https:\/\/www.luxwood.es\/ca\/wp-json\/wp\/v2\/pages\/1447","targetHints":{"allow":["GET"]}}],"collection":[{"href":"https:\/\/www.luxwood.es\/ca\/wp-json\/wp\/v2\/pages"}],"about":[{"href":"https:\/\/www.luxwood.es\/ca\/wp-json\/wp\/v2\/types\/page"}],"author":[{"embeddable":true,"href":"https:\/\/www.luxwood.es\/ca\/wp-json\/wp\/v2\/users\/2"}],"replies":[{"embeddable":true,"href":"https:\/\/www.luxwood.es\/ca\/wp-json\/wp\/v2\/comments?post=1447"}],"version-history":[{"count":1,"href":"https:\/\/www.luxwood.es\/ca\/wp-json\/wp\/v2\/pages\/1447\/revisions"}],"predecessor-version":[{"id":1448,"href":"https:\/\/www.luxwood.es\/ca\/wp-json\/wp\/v2\/pages\/1447\/revisions\/1448"}],"wp:attachment":[{"href":"https:\/\/www.luxwood.es\/ca\/wp-json\/wp\/v2\/media?parent=1447"}],"curies":[{"name":"wp","href":"https:\/\/api.w.org\/{rel}","templated":true}]}}